{"id":1188,"date":"2021-02-14T13:09:25","date_gmt":"2021-02-14T12:09:25","guid":{"rendered":"https:\/\/www.newfrac.comproduits\/combustion\/elettropompe\/"},"modified":"2021-03-30T15:44:31","modified_gmt":"2021-03-30T13:44:31","slug":"electropompes","status":"publish","type":"page","link":"https:\/\/www.newfrac.com\/fr\/produits\/combustion\/electropompes\/","title":{"rendered":"Electropompes"},"content":{"rendered":"<section class=\"l-section wpb_row height_small tmp-intro pg-sottocategoria\"><div class=\"l-section-h i-cf\"><div class=\"g-cols vc_row type_default valign_top\"><div class=\"vc_col-sm-3 wpb_column vc_column_container col-sx\"><div class=\"vc_column-inner\"><div class=\"wpb_wrapper\"><section class=\"l-section wpb_row height_small\"><div class=\"l-section-h i-cf\"><div class=\"g-cols vc_row type_default valign_top\"><div class=\"vc_col-sm-12 wpb_column vc_column_container\"><div class=\"vc_column-inner\"><div class=\"wpb_wrapper\">[vc_raw_html]JTVCdWJlcm1lbnUlMjBjb25maWdfaWQlM0QlMjJtYWluJTIyJTIwbWVudSUzRCUyMjI4JTIyJTVE[\/vc_raw_html]<\/div><\/div><\/div><\/div><\/div><\/section>\n<\/div><\/div><\/div><div class=\"vc_col-sm-9 wpb_column vc_column_container animate_fade col-dx\"><div class=\"vc_column-inner\"><div class=\"wpb_wrapper\"><div class=\"wpb_text_column\" ><div class=\"wpb_wrapper\"><h1>COMBUSTION<\/h1>\n<h2>Electropompes<\/h2>\n<\/div><\/div><div class=\"w-separator size_small\"><\/div><div class=\"wpb_text_column\" ><div class=\"wpb_wrapper\"><p>Avec les installations fonctionnant au huile Frac peut fournir (sur demande):<\/p>\n<ul>\n<li>groupes de pompage circulation sur four munis ou non d\u2019un r\u00e9servoir de stockage (journalier) d\u00fbment chauff\u00e9 par des r\u00e9sistances pour diff\u00e9rents types de fuel huile avec diff\u00e9rents types de filtration (magn\u00e9tiques, autonettoyants et motoris\u00e9s);<\/li>\n<li>groupes de transvasement du combustible des citernes principales.<\/li>\n<\/ul>\n<p><em>PRODUITS PROT\u00c9G\u00c9S PAR UN BREVET INTERNATIONAL &#8211; MOD\u00c8LE ENREGISTR\u00c9<\/em><\/p>\n<\/div><\/div><\/div><\/div><\/div><\/div><\/div><\/section>\n","protected":false},"excerpt":{"rendered":"[vc_raw_html]JTVCdWJlcm1lbnUlMjBjb25maWdfaWQlM0QlMjJtYWluJTIyJTIwbWVudSUzRCUyMjI4JTIyJTVE[\/vc_raw_html] COMBUSTION Electropompes Avec les installations fonctionnant au huile Frac peut fournir (sur demande): groupes de pompage circulation sur four munis ou non d\u2019un r\u00e9servoir de stockage (journalier) d\u00fbment chauff\u00e9 par des r\u00e9sistances pour diff\u00e9rents types de fuel huile avec diff\u00e9rents types de filtration (magn\u00e9tiques, autonettoyants et motoris\u00e9s); groupes de transvasement du combustible des citernes...","protected":false},"author":4,"featured_media":0,"parent":1137,"menu_order":0,"comment_status":"closed","ping_status":"closed","template":"","meta":[],"categories":[51,45],"tags":[],"acf":[],"_links":{"self":[{"href":"https:\/\/www.newfrac.com\/fr\/wp-json\/wp\/v2\/pages\/1188"}],"collection":[{"href":"https:\/\/www.newfrac.com\/fr\/wp-json\/wp\/v2\/pages"}],"about":[{"href":"https:\/\/www.newfrac.com\/fr\/wp-json\/wp\/v2\/types\/page"}],"author":[{"embeddable":true,"href":"https:\/\/www.newfrac.com\/fr\/wp-json\/wp\/v2\/users\/4"}],"replies":[{"embeddable":true,"href":"https:\/\/www.newfrac.com\/fr\/wp-json\/wp\/v2\/comments?post=1188"}],"version-history":[{"count":3,"href":"https:\/\/www.newfrac.com\/fr\/wp-json\/wp\/v2\/pages\/1188\/revisions"}],"predecessor-version":[{"id":1194,"href":"https:\/\/www.newfrac.com\/fr\/wp-json\/wp\/v2\/pages\/1188\/revisions\/1194"}],"up":[{"embeddable":true,"href":"https:\/\/www.newfrac.com\/fr\/wp-json\/wp\/v2\/pages\/1137"}],"wp:attachment":[{"href":"https:\/\/www.newfrac.com\/fr\/wp-json\/wp\/v2\/media?parent=1188"}],"wp:term":[{"taxonomy":"category","embeddable":true,"href":"https:\/\/www.newfrac.com\/fr\/wp-json\/wp\/v2\/categories?post=1188"},{"taxonomy":"post_tag","embeddable":true,"href":"https:\/\/www.newfrac.com\/fr\/wp-json\/wp\/v2\/tags?post=1188"}],"curies":[{"name":"wp","href":"https:\/\/api.w.org\/{rel}","templated":true}]}}