{"id":1143,"date":"2021-02-13T15:13:12","date_gmt":"2021-02-13T14:13:12","guid":{"rendered":"https:\/\/www.newfrac.comproduits\/combustion\/bruciatori-a-nafta\/"},"modified":"2021-03-30T11:15:10","modified_gmt":"2021-03-30T09:15:10","slug":"bruleurs-a-mazout","status":"publish","type":"page","link":"https:\/\/www.newfrac.com\/fr\/produits\/combustion\/bruleurs-a-mazout\/","title":{"rendered":"Br\u00fbleurs \u00e0 mazout"},"content":{"rendered":"<section class=\"l-section wpb_row height_small tmp-intro pg-sottocategoria\"><div class=\"l-section-h i-cf\"><div class=\"g-cols vc_row type_default valign_top\"><div class=\"vc_col-sm-3 wpb_column vc_column_container col-sx\"><div class=\"vc_column-inner\"><div class=\"wpb_wrapper\"><section class=\"l-section wpb_row height_small\"><div class=\"l-section-h i-cf\"><div class=\"g-cols vc_row type_default valign_top\"><div class=\"vc_col-sm-12 wpb_column vc_column_container\"><div class=\"vc_column-inner\"><div class=\"wpb_wrapper\">[vc_raw_html]JTVCdWJlcm1lbnUlMjBjb25maWdfaWQlM0QlMjJtYWluJTIyJTIwbWVudSUzRCUyMjI4JTIyJTVE[\/vc_raw_html]<\/div><\/div><\/div><\/div><\/div><\/section>\n<\/div><\/div><\/div><div class=\"vc_col-sm-9 wpb_column vc_column_container animate_fade col-dx\"><div class=\"vc_column-inner\"><div class=\"wpb_wrapper\"><div class=\"wpb_text_column\" ><div class=\"wpb_wrapper\"><h1>COMBUSTION<\/h1>\n<h2>Br\u00fbleurs \u00e0 mazout<\/h2>\n<\/div><\/div><div class=\"w-separator size_small\"><\/div><div class=\"wpb_text_column\" ><div class=\"wpb_wrapper\"><p>Les br\u00fbleurs \u00e0 mazout Frac sont de deux types<\/p>\n<p>Le type <strong>NIR\/4T<\/strong> fonctionne avec des impulsions de naphta pulv\u00e9ris\u00e9 \u00e0 une pression variable pouvant aller jusqu\u2019\u00e0 80 bars. Chaque groupe peut servir de 6 \u00e0 16 bouches.<\/p>\n<p>Le type <strong>ASN\/7<\/strong> fonctionne en gaz\u00e9ification de naphta \u00e0 l\u2019aide d\u2019air introduit par un ventilateur. Chaque groupe peut servir de 6 \u00e0 20 bouches ou plus de pr\u00e9f\u00e9rence dispos\u00e9es sur deux s\u00e9ries de foyer.<\/p>\n<p>Le type <strong>NIR\/4H<\/strong> (fours Hoffman) peut fonctionner avec du naphta l\u00e9ger ou du naphta lourd convenablement chauff\u00e9.<br \/>\nDans les deux cas de br\u00fbleurs, la quantit\u00e9 de combustible inject\u00e9e dans le four pour chaque point de combustion est strictement volum\u00e9trique, c\u2019est-\u00e0-dire qu\u2019elle ne d\u00e9pend pas de la viscosit\u00e9 ou de la temp\u00e9rature et de la pression de l\u2019huile elle-m\u00eame.<\/p>\n<p><em>PRODUITS PROT\u00c9G\u00c9S PAR UN BREVET INTERNATIONAL &#8211; MOD\u00c8LE ENREGISTR\u00c9<\/em><\/p>\n<\/div><\/div><\/div><\/div><\/div><\/div><\/div><\/section>\n","protected":false},"excerpt":{"rendered":"[vc_raw_html]JTVCdWJlcm1lbnUlMjBjb25maWdfaWQlM0QlMjJtYWluJTIyJTIwbWVudSUzRCUyMjI4JTIyJTVE[\/vc_raw_html] COMBUSTION Br\u00fbleurs \u00e0 mazout Les br\u00fbleurs \u00e0 mazout Frac sont de deux types Le type NIR\/4T fonctionne avec des impulsions de naphta pulv\u00e9ris\u00e9 \u00e0 une pression variable pouvant aller jusqu\u2019\u00e0 80 bars. Chaque groupe peut servir de 6 \u00e0 16 bouches. Le type ASN\/7 fonctionne en gaz\u00e9ification de naphta \u00e0 l\u2019aide d\u2019air introduit par...","protected":false},"author":4,"featured_media":0,"parent":1137,"menu_order":0,"comment_status":"closed","ping_status":"closed","template":"","meta":[],"categories":[51,45],"tags":[],"acf":[],"_links":{"self":[{"href":"https:\/\/www.newfrac.com\/fr\/wp-json\/wp\/v2\/pages\/1143"}],"collection":[{"href":"https:\/\/www.newfrac.com\/fr\/wp-json\/wp\/v2\/pages"}],"about":[{"href":"https:\/\/www.newfrac.com\/fr\/wp-json\/wp\/v2\/types\/page"}],"author":[{"embeddable":true,"href":"https:\/\/www.newfrac.com\/fr\/wp-json\/wp\/v2\/users\/4"}],"replies":[{"embeddable":true,"href":"https:\/\/www.newfrac.com\/fr\/wp-json\/wp\/v2\/comments?post=1143"}],"version-history":[{"count":3,"href":"https:\/\/www.newfrac.com\/fr\/wp-json\/wp\/v2\/pages\/1143\/revisions"}],"predecessor-version":[{"id":1149,"href":"https:\/\/www.newfrac.com\/fr\/wp-json\/wp\/v2\/pages\/1143\/revisions\/1149"}],"up":[{"embeddable":true,"href":"https:\/\/www.newfrac.com\/fr\/wp-json\/wp\/v2\/pages\/1137"}],"wp:attachment":[{"href":"https:\/\/www.newfrac.com\/fr\/wp-json\/wp\/v2\/media?parent=1143"}],"wp:term":[{"taxonomy":"category","embeddable":true,"href":"https:\/\/www.newfrac.com\/fr\/wp-json\/wp\/v2\/categories?post=1143"},{"taxonomy":"post_tag","embeddable":true,"href":"https:\/\/www.newfrac.com\/fr\/wp-json\/wp\/v2\/tags?post=1143"}],"curies":[{"name":"wp","href":"https:\/\/api.w.org\/{rel}","templated":true}]}}