{"id":1120,"date":"2021-02-14T12:47:00","date_gmt":"2021-02-14T11:47:00","guid":{"rendered":"https:\/\/www.newfrac.combruleurs-a-gaz\/bruciatore-jolly-gas\/"},"modified":"2023-03-15T17:27:40","modified_gmt":"2023-03-15T16:27:40","slug":"bruleur-jolly-gas","status":"publish","type":"page","link":"https:\/\/www.newfrac.com\/fr\/produits\/combustion\/bruleurs-a-gaz\/bruleur-jolly-gas\/","title":{"rendered":"Br\u00fbleur Jolly Gas"},"content":{"rendered":"<section class=\"l-section wpb_row height_small tmp-intro pg-sottocategoria scheda-prod\"><div class=\"l-section-h i-cf\"><div class=\"g-cols vc_row type_default valign_top\"><div class=\"vc_col-sm-3 wpb_column vc_column_container col-sx\"><div class=\"vc_column-inner\"><div class=\"wpb_wrapper\"><section class=\"l-section wpb_row height_small\"><div class=\"l-section-h i-cf\"><div class=\"g-cols vc_row type_default valign_top\"><div class=\"vc_col-sm-12 wpb_column vc_column_container\"><div class=\"vc_column-inner\"><div class=\"wpb_wrapper\">[vc_raw_html]JTVCdWJlcm1lbnUlMjBjb25maWdfaWQlM0QlMjJtYWluJTIyJTIwbWVudSUzRCUyMjI4JTIyJTVE[\/vc_raw_html]<\/div><\/div><\/div><\/div><\/div><\/section>\n<\/div><\/div><\/div><div class=\"vc_col-sm-9 wpb_column vc_column_container animate_fade col-dx\"><div class=\"vc_column-inner\"><div class=\"wpb_wrapper\"><div class=\"wpb_text_column\" ><div class=\"wpb_wrapper\"><h1>Br\u00fbleur Jolly Gas<\/h1>\n<\/div><\/div><div class=\"w-separator size_small\"><\/div><div class=\"wpb_text_column\" ><div class=\"wpb_wrapper\"><h3>Caract\u00e9ristiques<\/h3>\n<p>Le Jolly Gas est un br\u00fbleur \u00e0 moyenne-haute vitesse \u00e0 allumage automatique et contr\u00f4le de flamme, con\u00e7u pour \u00eatre mont\u00e9 dans les premi\u00e8res rang\u00e9es de feu. Gr\u00e2ce \u00e0 sa puissance \u00e9lev\u00e9e, il est particuli\u00e8rement adapt\u00e9 pour la pr\u00e9paration du feu et il a la caract\u00e9ristique de pouvoir travailler \u00e0 n\u2019importe quelle temp\u00e9rature. Il est \u00e9galement normalement utilis\u00e9 pour l\u2019allumage des fours.<\/p>\n<h3>Plus<\/h3>\n<p>Les caract\u00e9ristiques techniques et de s\u00e9curit\u00e9 du Jolly gaz permettent l\u2019allumage automatique de la flamme \u00e0 n\u2019importe quelle temp\u00e9rature du four et son contr\u00f4le \u00e9lectronique. Les s\u00e9curit\u00e9s ont \u00e9t\u00e9 encore augment\u00e9es et en particulier chaque point foyer a \u00e9t\u00e9 rendu ind\u00e9pendant des autres ; le Jolly gaz aide \u00e9galement \u00e0 \u00e9liminer les gaz imbr\u00fbl\u00e9s des premi\u00e8res rang\u00e9es de feu en augmentant le rendement en abaissant les consommations.<\/p>\n<p>Chaque machine est \u00e9quip\u00e9e d\u2019un tableau \u00e9lectrique capable de g\u00e9rer de mani\u00e8re autonome toutes les fonctions de commande, la temp\u00e9rature de travail ainsi que tous les contr\u00f4les de flamme. Il peut \u00eatre interfac\u00e9 avec tous les syst\u00e8mes de gestion les plus modernes.<\/p>\n<p>Le Jolly Gas peut \u00e9galement \u00eatre r\u00e9alis\u00e9 sur roues et avec des accessoires sp\u00e9ciaux qui le rendent transportable pour rendre possible son utilisation m\u00eame sur des fours de type Hoffman.<\/p>\n<p><em>PRODUITS PROT\u00c9G\u00c9S PAR UN BREVET INTERNATIONAL &#8211; MOD\u00c8LE ENREGISTR\u00c9<\/em><\/p>\n<\/div><\/div><\/div><\/div><\/div><\/div><\/div><\/section><section class=\"l-section wpb_row height_auto width_full scheda-prod due-col bianco\"><div class=\"l-section-h i-cf\"><div class=\"g-cols vc_row type_default valign_top\"><div class=\"vc_col-sm-6 wpb_column vc_column_container animate_afl\"><div class=\"vc_column-inner\"><div class=\"wpb_wrapper\"><div class=\"w-image align_none\"><div class=\"w-image-h\"><img width=\"1024\" height=\"768\" src=\"https:\/\/www.newfrac.com\/wp-content\/uploads\/2021\/02\/jolly_a_gas3.jpg\" class=\"attachment-large size-large\" alt=\"\" loading=\"lazy\" srcset=\"https:\/\/www.newfrac.com\/wp-content\/uploads\/2021\/02\/jolly_a_gas3.jpg 1024w, https:\/\/www.newfrac.com\/wp-content\/uploads\/2021\/02\/jolly_a_gas3-300x225.jpg 300w\" sizes=\"(max-width: 1024px) 100vw, 1024px\" \/><\/div><\/div><\/div><\/div><\/div><div class=\"vc_col-sm-6 wpb_column vc_column_container animate_afr\"><div class=\"vc_column-inner\"><div class=\"wpb_wrapper\"><div class=\"w-image align_center\"><div class=\"w-image-h\"><img width=\"250\" height=\"452\" src=\"https:\/\/www.newfrac.com\/wp-content\/uploads\/2021\/02\/jolly_a_gas1.jpg\" class=\"attachment-large size-large\" alt=\"\" loading=\"lazy\" srcset=\"https:\/\/www.newfrac.com\/wp-content\/uploads\/2021\/02\/jolly_a_gas1.jpg 250w, https:\/\/www.newfrac.com\/wp-content\/uploads\/2021\/02\/jolly_a_gas1-166x300.jpg 166w\" sizes=\"(max-width: 250px) 100vw, 250px\" \/><\/div><\/div><\/div><\/div><\/div><\/div><\/div><\/section><section class=\"l-section wpb_row us_custom_56c20adb height_auto width_full scheda-prod bianco\"><div class=\"l-section-h i-cf\"><div class=\"g-cols vc_row type_default valign_top\"><div class=\"vc_col-sm-12 wpb_column vc_column_container animate_fade\"><div class=\"vc_column-inner\"><div class=\"wpb_wrapper\"><div class=\"w-grid type_carousel layout_274 cols_6\" id=\"us_grid_1\"><style id=\"us_grid_1_css\">#us_grid_1 .owl-nav div{font-size:1.8rem}#us_grid_1 .w-grid-item{padding:2px}#us_grid_1 .w-grid-list{margin:-2px}.w-grid + #us_grid_1 .w-grid-list{margin-top:2px}<\/style><style>.layout_274 .w-grid-item-h{}<\/style><div class=\"w-grid-list owl-carousel navstyle_circle navpos_outside\" >\t<article class=\"w-grid-item post-1130 attachment type-attachment status-inherit hentry\" data-id=\"1130\">\r\n\t\t<div class=\"w-grid-item-h\">\r\n\t\t\t\t\t\t\t<a class=\"w-grid-item-anchor\" href=\"https:\/\/www.newfrac.com\/wp-content\/uploads\/2021\/02\/jolly_a_gas8.jpg\" ref=\"magnificPopupGrid\" title=\"jolly_a_gas8\"><\/a>\r\n\t\t\t\t\t\t<div class=\"w-post-elm post_image usg_post_image_1\"><img width=\"600\" height=\"400\" src=\"https:\/\/www.newfrac.com\/wp-content\/uploads\/2021\/02\/jolly_a_gas8-600x400.jpg\" class=\"attachment-us_600_400_crop size-us_600_400_crop\" alt=\"\" loading=\"lazy\" \/><\/div>\t\t<\/div>\r\n\t<\/article>\r\n\t<article class=\"w-grid-item post-1129 attachment type-attachment status-inherit hentry\" data-id=\"1129\">\r\n\t\t<div class=\"w-grid-item-h\">\r\n\t\t\t\t\t\t\t<a class=\"w-grid-item-anchor\" href=\"https:\/\/www.newfrac.com\/wp-content\/uploads\/2021\/02\/jolly_a_gas7.jpg\" ref=\"magnificPopupGrid\" title=\"jolly_a_gas7\"><\/a>\r\n\t\t\t\t\t\t<div class=\"w-post-elm post_image usg_post_image_1\"><img width=\"600\" height=\"400\" src=\"https:\/\/www.newfrac.com\/wp-content\/uploads\/2021\/02\/jolly_a_gas7-600x400.jpg\" class=\"attachment-us_600_400_crop size-us_600_400_crop\" alt=\"\" loading=\"lazy\" \/><\/div>\t\t<\/div>\r\n\t<\/article>\r\n\t<article class=\"w-grid-item post-1128 attachment type-attachment status-inherit hentry\" data-id=\"1128\">\r\n\t\t<div class=\"w-grid-item-h\">\r\n\t\t\t\t\t\t\t<a class=\"w-grid-item-anchor\" href=\"https:\/\/www.newfrac.com\/wp-content\/uploads\/2021\/02\/jolly_a_gas6.jpg\" ref=\"magnificPopupGrid\" title=\"jolly_a_gas6\"><\/a>\r\n\t\t\t\t\t\t<div class=\"w-post-elm post_image usg_post_image_1\"><img width=\"600\" height=\"400\" src=\"https:\/\/www.newfrac.com\/wp-content\/uploads\/2021\/02\/jolly_a_gas6-600x400.jpg\" class=\"attachment-us_600_400_crop size-us_600_400_crop\" alt=\"\" loading=\"lazy\" \/><\/div>\t\t<\/div>\r\n\t<\/article>\r\n\t<article class=\"w-grid-item post-1127 attachment type-attachment status-inherit hentry\" data-id=\"1127\">\r\n\t\t<div class=\"w-grid-item-h\">\r\n\t\t\t\t\t\t\t<a class=\"w-grid-item-anchor\" href=\"https:\/\/www.newfrac.com\/wp-content\/uploads\/2021\/02\/jolly_a_gas5.jpg\" ref=\"magnificPopupGrid\" title=\"jolly_a_gas5\"><\/a>\r\n\t\t\t\t\t\t<div class=\"w-post-elm post_image usg_post_image_1\"><img width=\"600\" height=\"400\" src=\"https:\/\/www.newfrac.com\/wp-content\/uploads\/2021\/02\/jolly_a_gas5-600x400.jpg\" class=\"attachment-us_600_400_crop size-us_600_400_crop\" alt=\"\" loading=\"lazy\" \/><\/div>\t\t<\/div>\r\n\t<\/article>\r\n\t<article class=\"w-grid-item post-1126 attachment type-attachment status-inherit hentry\" data-id=\"1126\">\r\n\t\t<div class=\"w-grid-item-h\">\r\n\t\t\t\t\t\t\t<a class=\"w-grid-item-anchor\" href=\"https:\/\/www.newfrac.com\/wp-content\/uploads\/2021\/02\/jolly_a_gas4.jpg\" ref=\"magnificPopupGrid\" title=\"jolly_a_gas4\"><\/a>\r\n\t\t\t\t\t\t<div class=\"w-post-elm post_image usg_post_image_1\"><img width=\"600\" height=\"400\" src=\"https:\/\/www.newfrac.com\/wp-content\/uploads\/2021\/02\/jolly_a_gas4-600x400.jpg\" class=\"attachment-us_600_400_crop size-us_600_400_crop\" alt=\"\" loading=\"lazy\" \/><\/div>\t\t<\/div>\r\n\t<\/article>\r\n\t<article class=\"w-grid-item post-1125 attachment type-attachment status-inherit hentry\" data-id=\"1125\">\r\n\t\t<div class=\"w-grid-item-h\">\r\n\t\t\t\t\t\t\t<a class=\"w-grid-item-anchor\" href=\"https:\/\/www.newfrac.com\/wp-content\/uploads\/2021\/02\/jolly_a_gas2.jpg\" ref=\"magnificPopupGrid\" title=\"jolly_a_gas2\"><\/a>\r\n\t\t\t\t\t\t<div class=\"w-post-elm post_image usg_post_image_1\"><img width=\"600\" height=\"400\" src=\"https:\/\/www.newfrac.com\/wp-content\/uploads\/2021\/02\/jolly_a_gas2-600x400.jpg\" class=\"attachment-us_600_400_crop size-us_600_400_crop\" alt=\"\" loading=\"lazy\" \/><\/div>\t\t<\/div>\r\n\t<\/article>\r\n<\/div><div class=\"g-preloader type_1\">\r\n\t<div><\/div>\r\n<\/div>\r\n\t<div class=\"w-grid-json hidden\" onclick='return {&quot;action&quot;:&quot;us_ajax_grid&quot;,&quot;ajax_url&quot;:&quot;https:\\\/\\\/www.newfrac.com\\\/wp-admin\\\/admin-ajax.php&quot;,&quot;infinite_scroll&quot;:0,&quot;max_num_pages&quot;:1,&quot;pagination&quot;:&quot;none&quot;,&quot;permalink_url&quot;:&quot;https:\\\/\\\/www.newfrac.com\\\/fr\\\/wp-json\\\/wp\\\/v2\\\/pages\\\/1120\\\/&quot;,&quot;template_vars&quot;:{&quot;columns&quot;:&quot;6&quot;,&quot;exclude_items&quot;:&quot;none&quot;,&quot;img_size&quot;:&quot;default&quot;,&quot;ignore_items_size&quot;:false,&quot;items_layout&quot;:&quot;274&quot;,&quot;items_offset&quot;:&quot;1&quot;,&quot;load_animation&quot;:&quot;none&quot;,&quot;overriding_link&quot;:&quot;popup_post_image&quot;,&quot;post_id&quot;:1120,&quot;query_args&quot;:{&quot;post_type&quot;:[&quot;attachment&quot;],&quot;post__in&quot;:[&quot;305&quot;,&quot;307&quot;,&quot;309&quot;,&quot;311&quot;,&quot;313&quot;,&quot;315&quot;],&quot;post_status&quot;:&quot;inherit&quot;,&quot;post_mime_type&quot;:&quot;image&quot;,&quot;posts_per_page&quot;:&quot;20&quot;},&quot;orderby_query_args&quot;:{&quot;orderby&quot;:{&quot;date&quot;:&quot;DESC&quot;}},&quot;type&quot;:&quot;carousel&quot;,&quot;us_grid_ajax_index&quot;:1,&quot;us_grid_filter_params&quot;:null,&quot;us_grid_index&quot;:1,&quot;_us_grid_post_type&quot;:&quot;attachment&quot;,&quot;lang&quot;:&quot;fr&quot;},&quot;carousel_settings&quot;:{&quot;autoHeight&quot;:0,&quot;autoplay&quot;:0,&quot;carousel_fade&quot;:0,&quot;center&quot;:0,&quot;dots&quot;:0,&quot;items&quot;:&quot;6&quot;,&quot;loop&quot;:false,&quot;nav&quot;:1,&quot;slideby&quot;:&quot;1&quot;,&quot;smooth_play&quot;:0,&quot;speed&quot;:250,&quot;timeout&quot;:3000,&quot;transition&quot;:&quot;&quot;},&quot;carousel_breakpoints&quot;:{&quot;1200&quot;:{&quot;items&quot;:6},&quot;900&quot;:{&quot;autoHeight&quot;:0,&quot;autoplay&quot;:1,&quot;autoplayHoverPause&quot;:1,&quot;items&quot;:3,&quot;loop&quot;:false},&quot;600&quot;:{&quot;autoHeight&quot;:0,&quot;autoplay&quot;:1,&quot;autoplayHoverPause&quot;:1,&quot;items&quot;:2,&quot;loop&quot;:false},&quot;0&quot;:{&quot;autoHeight&quot;:0,&quot;autoplay&quot;:1,&quot;autoplayHoverPause&quot;:1,&quot;items&quot;:1,&quot;loop&quot;:true}}}'><\/div>\r\n\t<\/div><\/div><\/div><\/div><\/div><\/div><\/section><section class=\"l-section wpb_row height_small tmp-intro pg-sottocategoria scheda-prod dati-tecnici bianco\"><div class=\"l-section-h i-cf\"><div class=\"g-cols vc_row type_default valign_top\"><div class=\"vc_col-sm-3 wpb_column vc_column_container col-sx\"><div class=\"vc_column-inner\"><div class=\"wpb_wrapper\"><div class=\"w-image align_none\"><div class=\"w-image-h\"><img width=\"1024\" height=\"1024\" src=\"https:\/\/www.newfrac.com\/wp-content\/uploads\/2023\/03\/1-1024x1024.png\" class=\"attachment-large size-large\" alt=\"\" loading=\"lazy\" srcset=\"https:\/\/www.newfrac.com\/wp-content\/uploads\/2023\/03\/1-1024x1024.png 1024w, https:\/\/www.newfrac.com\/wp-content\/uploads\/2023\/03\/1-300x300.png 300w, https:\/\/www.newfrac.com\/wp-content\/uploads\/2023\/03\/1-150x150.png 150w, https:\/\/www.newfrac.com\/wp-content\/uploads\/2023\/03\/1.png 1080w\" sizes=\"(max-width: 1024px) 100vw, 1024px\" \/><\/div><\/div><\/div><\/div><\/div><div class=\"vc_col-sm-9 wpb_column vc_column_container animate_fade col-dx\"><div class=\"vc_column-inner\"><div class=\"wpb_wrapper\"><div class=\"wpb_text_column\" ><div class=\"wpb_wrapper\"><h3>Donn\u00e9es techniques<\/h3>\n<table>\n<tbody>\n<tr>\n<td valign=\"top\" width=\"364\"><strong>Pression de gaz dans le r\u00e9seau de distribution<\/strong><\/td>\n<td valign=\"top\">bar 0,2\u00f72<\/td>\n<\/tr>\n<tr>\n<td valign=\"top\" width=\"364\"><strong>Pression gaz flamme pilote<\/strong><\/td>\n<td valign=\"top\">20 mbar<\/td>\n<\/tr>\n<tr>\n<td valign=\"top\" width=\"364\"><strong>Pression gaz flamme suppl\u00e9mentaire<\/strong><\/td>\n<td valign=\"top\">bar 0,2\u00f72<\/td>\n<\/tr>\n<tr>\n<td valign=\"top\" width=\"364\"><strong>Type de combustibile <\/strong><\/td>\n<td valign=\"top\">Tous combustibles gazeux<br \/>\n(gaz naturel, butane, propane)<\/td>\n<\/tr>\n<tr>\n<td valign=\"top\" width=\"364\"><strong>Type de fonctionnement<\/strong><\/td>\n<td valign=\"top\">Max-Min-Stop (allumage automatique)<\/td>\n<\/tr>\n<tr>\n<td valign=\"top\" width=\"364\"><strong>Type de contr\u00f4le de flamme<\/strong><\/td>\n<td valign=\"top\">Avec \u00e9lectrode<\/td>\n<\/tr>\n<tr>\n<td valign=\"top\" width=\"364\"><strong>Puissance pour un seul point de feu<\/strong><\/td>\n<td valign=\"top\">60\u00f7150 kW<\/td>\n<\/tr>\n<tr>\n<td valign=\"top\" width=\"364\"><strong>Assemblage <\/strong><\/td>\n<td valign=\"top\">Voute mais avec la possibilit\u00e9s d&rsquo;application lat\u00e9rale<\/td>\n<\/tr>\n<\/tbody>\n<\/table>\n<\/div><\/div><\/div><\/div><\/div><\/div><\/div><\/section><section class=\"l-section wpb_row height_small tmp-intro pg-sottocategoria scheda-prod\"><div class=\"l-section-h i-cf\"><div class=\"g-cols vc_row type_default valign_top\"><div class=\"vc_col-sm-3 wpb_column vc_column_container col-sx\"><div class=\"vc_column-inner\"><div class=\"wpb_wrapper\"><\/div><\/div><\/div><div class=\"vc_col-sm-9 wpb_column vc_column_container col-dx\"><div class=\"vc_column-inner\"><div class=\"wpb_wrapper\"><div class=\"wpb_text_column\" ><div class=\"wpb_wrapper\"><h3>Demande d\u2019information<\/h3>\n<\/div><\/div><div role=\"form\" class=\"wpcf7\" id=\"wpcf7-f282-o1\" lang=\"it-IT\" dir=\"ltr\">\n<div class=\"screen-reader-response\"><p role=\"status\" aria-live=\"polite\" aria-atomic=\"true\"><\/p> <ul><\/ul><\/div>\n<form action=\"\/fr\/wp-json\/wp\/v2\/pages\/1120#wpcf7-f282-o1\" method=\"post\" class=\"wpcf7-form init wpcf7-acceptance-as-validation\" novalidate=\"novalidate\" data-status=\"init\">\n<div style=\"display: none;\">\n<input type=\"hidden\" name=\"_wpcf7\" value=\"282\" \/>\n<input type=\"hidden\" name=\"_wpcf7_version\" value=\"5.4\" \/>\n<input type=\"hidden\" name=\"_wpcf7_locale\" value=\"it_IT\" \/>\n<input type=\"hidden\" name=\"_wpcf7_unit_tag\" value=\"wpcf7-f282-o1\" \/>\n<input type=\"hidden\" name=\"_wpcf7_container_post\" value=\"0\" \/>\n<input type=\"hidden\" name=\"_wpcf7_posted_data_hash\" value=\"\" \/>\n<\/div>\n<div class=\"g-cols wpb_row  type_default valign_top vc_inner\">\n<div class=\"vc_col-sm-6\"><label><span class=\"wpcf7-form-control-wrap nome\"><input type=\"text\" name=\"nome\" value=\"\" size=\"40\" class=\"wpcf7-form-control wpcf7-text wpcf7-validates-as-required\" aria-required=\"true\" aria-invalid=\"false\" placeholder=\"Nome *\" \/><\/span><\/label><\/div>\n<div class=\"vc_col-sm-6\"><label><span class=\"wpcf7-form-control-wrap cognome\"><input type=\"text\" name=\"cognome\" value=\"\" size=\"40\" class=\"wpcf7-form-control wpcf7-text wpcf7-validates-as-required\" aria-required=\"true\" aria-invalid=\"false\" placeholder=\"Cognome*\" \/><\/span><\/label><\/div>\n<\/div>\n<div class=\"g-cols wpb_row  type_default valign_top vc_inner\">\n<div class=\"vc_col-sm-6\"><label><span class=\"wpcf7-form-control-wrap email\"><input type=\"text\" name=\"email\" value=\"\" size=\"40\" class=\"wpcf7-form-control wpcf7-text wpcf7-validates-as-required\" aria-required=\"true\" aria-invalid=\"false\" placeholder=\"E-mail *\" \/><\/span><\/label><\/div>\n<div class=\"vc_col-sm-6\"><label><span class=\"wpcf7-form-control-wrap telefono\"><input type=\"text\" name=\"telefono\" value=\"\" size=\"40\" class=\"wpcf7-form-control wpcf7-text wpcf7-validates-as-required\" aria-required=\"true\" aria-invalid=\"false\" placeholder=\"Telefono *\" \/><\/span><\/label><\/div>\n<\/div>\n<p><label><span class=\"wpcf7-form-control-wrap oggetto\"><input type=\"text\" name=\"oggetto\" value=\"\" size=\"40\" class=\"wpcf7-form-control wpcf7-text oggetto\" aria-invalid=\"false\" placeholder=\"Oggetto\" \/><\/span><\/label><br \/>\n<label><span class=\"wpcf7-form-control-wrap messaggio\"><input type=\"text\" name=\"messaggio\" value=\"\" size=\"40\" class=\"wpcf7-form-control wpcf7-text wpcf7-validates-as-required\" aria-required=\"true\" aria-invalid=\"false\" placeholder=\"Messaggio *\" \/><\/span><\/label><\/p>\n<div class=\"form-accettazione\"><span class=\"wpcf7-form-control-wrap check-privacy\"><span class=\"wpcf7-form-control wpcf7-acceptance\"><span class=\"wpcf7-list-item\"><label><input type=\"checkbox\" name=\"check-privacy\" value=\"1\" aria-invalid=\"false\" \/><span class=\"wpcf7-list-item-label\">dichiaro di aver preso visione dell'informativa di <a href=\"\/privacy-policy\/\" target=\"_blank\">Privacy Policy<\/a> per il trattamento dei dati personali per la finalit\u00e0 a)<\/span><\/label><\/span><\/span><\/span><\/div>\n<div class=\"form-accettazione\"><span class=\"wpcf7-form-control-wrap check-trattamento\"><span class=\"wpcf7-form-control wpcf7-acceptance\"><span class=\"wpcf7-list-item\"><label><input type=\"checkbox\" name=\"check-trattamento\" value=\"1\" aria-invalid=\"false\" \/><span class=\"wpcf7-list-item-label\">acconsento al trattamento dei miei dati personali per la finalit\u00e0 b), iscrizione a newsletter informativa commerciale<\/span><\/label><\/span><\/span><\/span><\/div>\n<p><input type=\"submit\" value=\"Invia\" class=\"wpcf7-form-control wpcf7-submit\" \/><\/p>\n<div class=\"wpcf7-response-output\" aria-hidden=\"true\"><\/div><\/form><\/div><\/div><\/div><\/div><\/div><\/div><\/section>\n","protected":false},"excerpt":{"rendered":"","protected":false},"author":4,"featured_media":0,"parent":1069,"menu_order":0,"comment_status":"closed","ping_status":"closed","template":"","meta":[],"categories":[53,51,45],"tags":[],"acf":[],"_links":{"self":[{"href":"https:\/\/www.newfrac.com\/fr\/wp-json\/wp\/v2\/pages\/1120"}],"collection":[{"href":"https:\/\/www.newfrac.com\/fr\/wp-json\/wp\/v2\/pages"}],"about":[{"href":"https:\/\/www.newfrac.com\/fr\/wp-json\/wp\/v2\/types\/page"}],"author":[{"embeddable":true,"href":"https:\/\/www.newfrac.com\/fr\/wp-json\/wp\/v2\/users\/4"}],"replies":[{"embeddable":true,"href":"https:\/\/www.newfrac.com\/fr\/wp-json\/wp\/v2\/comments?post=1120"}],"version-history":[{"count":4,"href":"https:\/\/www.newfrac.com\/fr\/wp-json\/wp\/v2\/pages\/1120\/revisions"}],"predecessor-version":[{"id":1559,"href":"https:\/\/www.newfrac.com\/fr\/wp-json\/wp\/v2\/pages\/1120\/revisions\/1559"}],"up":[{"embeddable":true,"href":"https:\/\/www.newfrac.com\/fr\/wp-json\/wp\/v2\/pages\/1069"}],"wp:attachment":[{"href":"https:\/\/www.newfrac.com\/fr\/wp-json\/wp\/v2\/media?parent=1120"}],"wp:term":[{"taxonomy":"category","embeddable":true,"href":"https:\/\/www.newfrac.com\/fr\/wp-json\/wp\/v2\/categories?post=1120"},{"taxonomy":"post_tag","embeddable":true,"href":"https:\/\/www.newfrac.com\/fr\/wp-json\/wp\/v2\/tags?post=1120"}],"curies":[{"name":"wp","href":"https:\/\/api.w.org\/{rel}","templated":true}]}}