{"id":1069,"date":"2021-02-13T13:53:07","date_gmt":"2021-02-13T12:53:07","guid":{"rendered":"https:\/\/www.newfrac.combruciatori-a-gas\/"},"modified":"2021-03-30T09:43:44","modified_gmt":"2021-03-30T07:43:44","slug":"bruleurs-a-gaz","status":"publish","type":"page","link":"https:\/\/www.newfrac.com\/fr\/produits\/combustion\/bruleurs-a-gaz\/","title":{"rendered":"Br\u00fbleurs \u00e0 gaz"},"content":{"rendered":"<section class=\"l-section wpb_row height_small tmp-intro pg-sottocategoria\"><div class=\"l-section-h i-cf\"><div class=\"g-cols vc_row type_default valign_top\"><div class=\"vc_col-sm-3 wpb_column vc_column_container col-sx\"><div class=\"vc_column-inner\"><div class=\"wpb_wrapper\"><section class=\"l-section wpb_row height_small\"><div class=\"l-section-h i-cf\"><div class=\"g-cols vc_row type_default valign_top\"><div class=\"vc_col-sm-12 wpb_column vc_column_container\"><div class=\"vc_column-inner\"><div class=\"wpb_wrapper\">[vc_raw_html]JTVCdWJlcm1lbnUlMjBjb25maWdfaWQlM0QlMjJtYWluJTIyJTIwbWVudSUzRCUyMjI4JTIyJTVE[\/vc_raw_html]<\/div><\/div><\/div><\/div><\/div><\/section>\n<\/div><\/div><\/div><div class=\"vc_col-sm-9 wpb_column vc_column_container animate_fade col-dx\"><div class=\"vc_column-inner\"><div class=\"wpb_wrapper\"><div class=\"wpb_text_column\" ><div class=\"wpb_wrapper\"><h1>COMBUSTION<\/h1>\n<h2>Br\u00fbleurs \u00e0 gaz<\/h2>\n<\/div><\/div><div class=\"w-separator size_small\"><\/div><div class=\"wpb_text_column\" ><div class=\"wpb_wrapper\"><p>Les br\u00fbleurs \u00e0 gaz Frac fonctionnent avec l&rsquo;air et le gaz dans le bon m\u00e9lange pour obtenir une combustion parfait et par cons\u00e9quent on obtient une cuisson homog\u00e8ne du mat\u00e9riau en tout point de la charge.<\/p>\n<p>L&rsquo;entr\u00e9e d&rsquo;air est obtenue par un ventilateur qui n&rsquo;est pas centralis\u00e9 mais il est appliqu\u00e9 \u00e0 des groupes individuels\u00a0 qui visent \u00e0 obtenir une r\u00e9gulation automatique optimale. Chaque groupe peut servir de 3 \u00e0 20 buses r\u00e9parties sur deux s\u00e9ries de feu.<\/p>\n<p>Si demand\u00e9, les syst\u00e8mes Frac sont fournis avec une rampe de s\u00e9curit\u00e9 capable d&rsquo;intercepter le flux de gaz dans les cas suivants<\/p>\n<ul>\n<li>Panne de courant<\/li>\n<li>D\u00e9pression insuffisante dans le four<\/li>\n<li>Pression du gaz trop \u00e9lev\u00e9e<\/li>\n<li>Pression du gaz insuffisante<\/li>\n<\/ul>\n<p>Tous les syst\u00e8mes Frac peuvent fonctionner au gaz naturel ou au gaz liquide.<\/p>\n<p><em>PRODUITS PROT\u00c9G\u00c9S PAR UN BREVET INTERNATIONAL &#8211; MOD\u00c8LE ENREGISTR\u00c9<\/em><\/p>\n<\/div><\/div><\/div><\/div><\/div><\/div><\/div><\/section>\n","protected":false},"excerpt":{"rendered":"[vc_raw_html]JTVCdWJlcm1lbnUlMjBjb25maWdfaWQlM0QlMjJtYWluJTIyJTIwbWVudSUzRCUyMjI4JTIyJTVE[\/vc_raw_html] COMBUSTION Br\u00fbleurs \u00e0 gaz Les br\u00fbleurs \u00e0 gaz Frac fonctionnent avec l&rsquo;air et le gaz dans le bon m\u00e9lange pour obtenir une combustion parfait et par cons\u00e9quent on obtient une cuisson homog\u00e8ne du mat\u00e9riau en tout point de la charge. L&rsquo;entr\u00e9e d&rsquo;air est obtenue par un ventilateur qui n&rsquo;est pas centralis\u00e9 mais il est...","protected":false},"author":4,"featured_media":0,"parent":1137,"menu_order":0,"comment_status":"closed","ping_status":"closed","template":"","meta":[],"categories":[51,45],"tags":[],"acf":[],"_links":{"self":[{"href":"https:\/\/www.newfrac.com\/fr\/wp-json\/wp\/v2\/pages\/1069"}],"collection":[{"href":"https:\/\/www.newfrac.com\/fr\/wp-json\/wp\/v2\/pages"}],"about":[{"href":"https:\/\/www.newfrac.com\/fr\/wp-json\/wp\/v2\/types\/page"}],"author":[{"embeddable":true,"href":"https:\/\/www.newfrac.com\/fr\/wp-json\/wp\/v2\/users\/4"}],"replies":[{"embeddable":true,"href":"https:\/\/www.newfrac.com\/fr\/wp-json\/wp\/v2\/comments?post=1069"}],"version-history":[{"count":2,"href":"https:\/\/www.newfrac.com\/fr\/wp-json\/wp\/v2\/pages\/1069\/revisions"}],"predecessor-version":[{"id":1074,"href":"https:\/\/www.newfrac.com\/fr\/wp-json\/wp\/v2\/pages\/1069\/revisions\/1074"}],"up":[{"embeddable":true,"href":"https:\/\/www.newfrac.com\/fr\/wp-json\/wp\/v2\/pages\/1137"}],"wp:attachment":[{"href":"https:\/\/www.newfrac.com\/fr\/wp-json\/wp\/v2\/media?parent=1069"}],"wp:term":[{"taxonomy":"category","embeddable":true,"href":"https:\/\/www.newfrac.com\/fr\/wp-json\/wp\/v2\/categories?post=1069"},{"taxonomy":"post_tag","embeddable":true,"href":"https:\/\/www.newfrac.com\/fr\/wp-json\/wp\/v2\/tags?post=1069"}],"curies":[{"name":"wp","href":"https:\/\/api.w.org\/{rel}","templated":true}]}}